{"id":928,"date":"2015-04-07T13:49:09","date_gmt":"2015-04-07T13:49:09","guid":{"rendered":"http:\/\/jocelynrobert.com\/?page_id=928"},"modified":"2015-04-07T13:58:58","modified_gmt":"2015-04-07T13:58:58","slug":"cafe-dolci","status":"publish","type":"page","link":"http:\/\/jocelynrobert.com\/?page_id=928","title":{"rendered":"Cafe Dolci"},"content":{"rendered":"<section class=\"wpb-content-wrapper\"><p>[vc_row][vc_column][vc_column_text]Video informatique en boucle, 2002-2003. Une courte boucle dans laquelle tous les passants sur un trottoir de San Francisco sont au centre du mouvement. Les images de la vid\u00e9o sont r\u00e9-arrang\u00e9es dans le cadre en fonction du mouvement de chaque passant. La vid\u00e9o est montr\u00e9e sur un petit \u00e9cran plac\u00e9 sur un lutrin, comme une sorte de partition pour le mouvement urbain. Collection du Mus\u00e9e National des Beaux-Arts du Qu\u00e9bec.<\/p>\n<p>Computer video loop, 2002-2003. A short video loop in which everyone on a San Francisco sidewalk is at the center of the movement. The video pictures are re-arranged in the frame according to the movement of each pedestrian. The video is shown on a small screen placed on a music stand, as a score for urban movement. Collection of the Mus\u00e9e National des Beaux-Arts du Qu\u00e9bec.[\/vc_column_text][\/vc_column][vc_column width=&#8221;1\/1&#8243;][vc_video link=&#8221;https:\/\/vimeo.com\/70786198&#8243;][\/vc_column][\/vc_row][vc_row full_width=&#8221;&#8221;][vc_column width=&#8221;1\/2&#8243;][vc_single_image image=&#8221;930&#8243; alignment=&#8221;center&#8221; border_color=&#8221;grey&#8221; img_link_large=&#8221;&#8221; img_link_target=&#8221;_self&#8221; img_size=&#8221;full&#8221;][\/vc_column][vc_column width=&#8221;1\/2&#8243;][vc_single_image image=&#8221;931&#8243; alignment=&#8221;center&#8221; border_color=&#8221;grey&#8221; img_link_large=&#8221;&#8221; img_link_target=&#8221;_self&#8221; img_size=&#8221;full&#8221;][vc_column_text]<\/p>\n<p style=\"text-align: center;\">Photos Paul Litherland.<\/p>\n<p>[\/vc_column_text][\/vc_column][\/vc_row]<\/p>\n<\/section>","protected":false},"excerpt":{"rendered":"<p>[vc_row][vc_column][vc_column_text]Video informatique en boucle, 2002-2003. Une courte boucle dans laquelle tous les passants sur un trottoir de San Francisco sont au centre du mouvement. Les images de la vid\u00e9o sont r\u00e9-arrang\u00e9es dans le cadre en fonction du mouvement de chaque passant. La vid\u00e9o est montr\u00e9e sur un petit \u00e9cran plac\u00e9 sur un lutrin, comme une &#8230; <a title=\"Cafe Dolci\" class=\"read-more\" href=\"http:\/\/jocelynrobert.com\/?page_id=928\" aria-label=\"More on Cafe Dolci\">Read more<\/a><\/p>\n","protected":false},"author":1,"featured_media":0,"parent":40,"menu_order":0,"comment_status":"closed","ping_status":"open","template":"","meta":[],"_links":{"self":[{"href":"http:\/\/jocelynrobert.com\/index.php?rest_route=\/wp\/v2\/pages\/928"}],"collection":[{"href":"http:\/\/jocelynrobert.com\/index.php?rest_route=\/wp\/v2\/pages"}],"about":[{"href":"http:\/\/jocelynrobert.com\/index.php?rest_route=\/wp\/v2\/types\/page"}],"author":[{"embeddable":true,"href":"http:\/\/jocelynrobert.com\/index.php?rest_route=\/wp\/v2\/users\/1"}],"replies":[{"embeddable":true,"href":"http:\/\/jocelynrobert.com\/index.php?rest_route=%2Fwp%2Fv2%2Fcomments&post=928"}],"version-history":[{"count":3,"href":"http:\/\/jocelynrobert.com\/index.php?rest_route=\/wp\/v2\/pages\/928\/revisions"}],"predecessor-version":[{"id":933,"href":"http:\/\/jocelynrobert.com\/index.php?rest_route=\/wp\/v2\/pages\/928\/revisions\/933"}],"up":[{"embeddable":true,"href":"http:\/\/jocelynrobert.com\/index.php?rest_route=\/wp\/v2\/pages\/40"}],"wp:attachment":[{"href":"http:\/\/jocelynrobert.com\/index.php?rest_route=%2Fwp%2Fv2%2Fmedia&parent=928"}],"curies":[{"name":"wp","href":"https:\/\/api.w.org\/{rel}","templated":true}]}}