{"id":937,"date":"2015-04-07T14:15:10","date_gmt":"2015-04-07T14:15:10","guid":{"rendered":"http:\/\/jocelynrobert.com\/?page_id=937"},"modified":"2015-06-01T14:05:54","modified_gmt":"2015-06-01T14:05:54","slug":"it-shouldnt-be-cancer-installation","status":"publish","type":"page","link":"http:\/\/jocelynrobert.com\/?page_id=937","title":{"rendered":"It Shouldn&#8217;t Be Cancer (installation)"},"content":{"rendered":"<section class=\"wpb-content-wrapper\"><p>[vc_row][vc_column][vc_column_text]Projection video et trame sonore. Pr\u00e9sent\u00e9e \u00e0 Oboro, Montr\u00e9al, 2002. La trame sonore du projet fut r\u00e9-enregistr\u00e9e et publi\u00e9e sur <a href=\"http:\/\/www.cdbaby.com\/cd\/jocelynrobert5\">disque compact<\/a> en 2014.<\/p>\n<p>Video projection and soundtrack. Shown at Oboro (Montreal) in 2002. The soundtrack was later re-recorded and <a href=\"http:\/\/www.cdbaby.com\/cd\/jocelynrobert5\">released on cd<\/a> in 2014.[\/vc_column_text][\/vc_column][vc_column width=&#8221;1\/1&#8243;][vc_video link=&#8221;https:\/\/youtu.be\/RD66R5D8Kkw&#8221;][\/vc_column][\/vc_row][vc_row full_width=&#8221;&#8221;][vc_column width=&#8221;1\/2&#8243;][vc_single_image image=&#8221;940&#8243; alignment=&#8221;center&#8221; border_color=&#8221;grey&#8221; img_link_large=&#8221;&#8221; img_link_target=&#8221;_self&#8221; img_size=&#8221;full&#8221;][\/vc_column][vc_column width=&#8221;1\/2&#8243;][vc_single_image image=&#8221;941&#8243; alignment=&#8221;center&#8221; border_color=&#8221;grey&#8221; img_link_large=&#8221;&#8221; img_link_target=&#8221;_self&#8221; img_size=&#8221;full&#8221;][\/vc_column][\/vc_row]<\/p>\n<\/section>","protected":false},"excerpt":{"rendered":"<p>[vc_row][vc_column][vc_column_text]Projection video et trame sonore. Pr\u00e9sent\u00e9e \u00e0 Oboro, Montr\u00e9al, 2002. La trame sonore du projet fut r\u00e9-enregistr\u00e9e et publi\u00e9e sur disque compact en 2014. Video projection and soundtrack. Shown at Oboro (Montreal) in 2002. The soundtrack was later re-recorded and released on cd in 2014.[\/vc_column_text][\/vc_column][vc_column width=&#8221;1\/1&#8243;][vc_video link=&#8221;https:\/\/youtu.be\/RD66R5D8Kkw&#8221;][\/vc_column][\/vc_row][vc_row full_width=&#8221;&#8221;][vc_column width=&#8221;1\/2&#8243;][vc_single_image image=&#8221;940&#8243; alignment=&#8221;center&#8221; border_color=&#8221;grey&#8221; img_link_large=&#8221;&#8221; img_link_target=&#8221;_self&#8221; img_size=&#8221;full&#8221;][\/vc_column][vc_column &#8230; <a title=\"It Shouldn&#8217;t Be Cancer (installation)\" class=\"read-more\" href=\"http:\/\/jocelynrobert.com\/?page_id=937\" aria-label=\"More on It Shouldn&#8217;t Be Cancer (installation)\">Read more<\/a><\/p>\n","protected":false},"author":1,"featured_media":0,"parent":40,"menu_order":0,"comment_status":"closed","ping_status":"open","template":"","meta":[],"_links":{"self":[{"href":"http:\/\/jocelynrobert.com\/index.php?rest_route=\/wp\/v2\/pages\/937"}],"collection":[{"href":"http:\/\/jocelynrobert.com\/index.php?rest_route=\/wp\/v2\/pages"}],"about":[{"href":"http:\/\/jocelynrobert.com\/index.php?rest_route=\/wp\/v2\/types\/page"}],"author":[{"embeddable":true,"href":"http:\/\/jocelynrobert.com\/index.php?rest_route=\/wp\/v2\/users\/1"}],"replies":[{"embeddable":true,"href":"http:\/\/jocelynrobert.com\/index.php?rest_route=%2Fwp%2Fv2%2Fcomments&post=937"}],"version-history":[{"count":4,"href":"http:\/\/jocelynrobert.com\/index.php?rest_route=\/wp\/v2\/pages\/937\/revisions"}],"predecessor-version":[{"id":1303,"href":"http:\/\/jocelynrobert.com\/index.php?rest_route=\/wp\/v2\/pages\/937\/revisions\/1303"}],"up":[{"embeddable":true,"href":"http:\/\/jocelynrobert.com\/index.php?rest_route=\/wp\/v2\/pages\/40"}],"wp:attachment":[{"href":"http:\/\/jocelynrobert.com\/index.php?rest_route=%2Fwp%2Fv2%2Fmedia&parent=937"}],"curies":[{"name":"wp","href":"https:\/\/api.w.org\/{rel}","templated":true}]}}