{"id":949,"date":"2015-04-07T14:52:09","date_gmt":"2015-04-07T14:52:09","guid":{"rendered":"http:\/\/jocelynrobert.com\/?page_id=949"},"modified":"2015-04-07T14:59:16","modified_gmt":"2015-04-07T14:59:16","slug":"cool","status":"publish","type":"page","link":"http:\/\/jocelynrobert.com\/?page_id=949","title":{"rendered":"COOL"},"content":{"rendered":"<section class=\"wpb-content-wrapper\"><p>[vc_row][vc_column][vc_column_text]COOL (Circular Optical Object Locator) est un instrument de musique collaboratif et coop\u00e9ratif con\u00e7u et r\u00e9alis\u00e9 par David Merrill, Tim Hankins et Jocelyn Robert en 2002. Le projet a \u00e9t\u00e9 pr\u00e9sent\u00e9 \u00e0 Stanford (Californie) et \u00e0 Dublin (Irlande). Plus de d\u00e9tails <a href=\"http:\/\/alumni.media.mit.edu\/~dmerrill\/cool.html\">ici<\/a>.<\/p>\n<p>COOL (Circular Optical Object Locator)\u00a0is a collaborative and cooperative music-making device made in 2002 by David Merrill, Tim Hankins and Jocelyn Robert. It has been shown at Stanford (California) et in Dublin (Irland). More informations <a href=\"http:\/\/alumni.media.mit.edu\/~dmerrill\/cool.html\">here<\/a>.[\/vc_column_text][\/vc_column][vc_column width=&#8221;1\/1&#8243;][vc_video link=&#8221;https:\/\/www.youtube.com\/watch?v=ypt_cAyCjhs&#8221;][\/vc_column][\/vc_row]<\/p>\n<\/section>","protected":false},"excerpt":{"rendered":"<p>[vc_row][vc_column][vc_column_text]COOL (Circular Optical Object Locator) est un instrument de musique collaboratif et coop\u00e9ratif con\u00e7u et r\u00e9alis\u00e9 par David Merrill, Tim Hankins et Jocelyn Robert en 2002. Le projet a \u00e9t\u00e9 pr\u00e9sent\u00e9 \u00e0 Stanford (Californie) et \u00e0 Dublin (Irlande). Plus de d\u00e9tails ici. COOL (Circular Optical Object Locator)\u00a0is a collaborative and cooperative music-making device made in &#8230; <a title=\"COOL\" class=\"read-more\" href=\"http:\/\/jocelynrobert.com\/?page_id=949\" aria-label=\"More on COOL\">Read more<\/a><\/p>\n","protected":false},"author":1,"featured_media":0,"parent":40,"menu_order":0,"comment_status":"closed","ping_status":"open","template":"","meta":[],"_links":{"self":[{"href":"http:\/\/jocelynrobert.com\/index.php?rest_route=\/wp\/v2\/pages\/949"}],"collection":[{"href":"http:\/\/jocelynrobert.com\/index.php?rest_route=\/wp\/v2\/pages"}],"about":[{"href":"http:\/\/jocelynrobert.com\/index.php?rest_route=\/wp\/v2\/types\/page"}],"author":[{"embeddable":true,"href":"http:\/\/jocelynrobert.com\/index.php?rest_route=\/wp\/v2\/users\/1"}],"replies":[{"embeddable":true,"href":"http:\/\/jocelynrobert.com\/index.php?rest_route=%2Fwp%2Fv2%2Fcomments&post=949"}],"version-history":[{"count":2,"href":"http:\/\/jocelynrobert.com\/index.php?rest_route=\/wp\/v2\/pages\/949\/revisions"}],"predecessor-version":[{"id":953,"href":"http:\/\/jocelynrobert.com\/index.php?rest_route=\/wp\/v2\/pages\/949\/revisions\/953"}],"up":[{"embeddable":true,"href":"http:\/\/jocelynrobert.com\/index.php?rest_route=\/wp\/v2\/pages\/40"}],"wp:attachment":[{"href":"http:\/\/jocelynrobert.com\/index.php?rest_route=%2Fwp%2Fv2%2Fmedia&parent=949"}],"curies":[{"name":"wp","href":"https:\/\/api.w.org\/{rel}","templated":true}]}}