{"id":956,"date":"2015-04-07T15:13:07","date_gmt":"2015-04-07T15:13:07","guid":{"rendered":"http:\/\/jocelynrobert.com\/?page_id=956"},"modified":"2015-04-07T15:23:47","modified_gmt":"2015-04-07T15:23:47","slug":"la-salle-des-noeuds","status":"publish","type":"page","link":"http:\/\/jocelynrobert.com\/?page_id=956","title":{"rendered":"La Salle des noeuds"},"content":{"rendered":"<section class=\"wpb-content-wrapper\"><p>[vc_row][vc_column][vc_column_text]<em>La Salle des N\u0153uds<\/em> est une installation d&#8217;Emile Morin et Jocelyn Robert. L\u2019installation est une structure conceptuelle et physique qui utilise comme moteur un attracteur \u00e9trange, une \u00e9quation du math\u00e9maticien Lorenz.<br \/>\n<em>La Salle des N\u0153uds<\/em> est \u00e9galement une \u0153uvre \u00e9volutive pr\u00e9sent\u00e9e plusieurs fois et sous diff\u00e9rents aspects. Computer Voices \/ Speaking Machines, Walter Phillips Gallery, The Banff Centre, Banff (Alberta, Canada), 2001. Outer Ear Festival of Sound, Experimental Sound Studio, Chicago (Illinois, \u00c9tats-Unis) et Festival du nouveau cin\u00e9ma, Soci\u00e9t\u00e9 des arts technologiques, Montr\u00e9al (Qc), Mois multi, Studio d\u2019essai de M\u00e9duse, Qu\u00e9bec, 2000. Symposium d\u2019art actuel de Moncton, Moncton (Nouveau-Brunswick), 1999.<\/p>\n<p><em>La Salle des N\u0153uds<\/em> is an installation from Emile Morin and Jocelyn Robert. It is both a conceptual and physical structure using as its driving force a strange attractor, an equation from Lorenz. <em>La Salle des N\u0153uds<\/em> is also a changing work, shown a number of times under different versions. Computer Voices \/ Speaking Machines, Walter Phillips Gallery, The Banff Centre, Banff (Alberta, Canada), 2001. Outer Ear Festival of Sound, Experimental Sound Studio, Chicago (Illinois, \u00c9tats-Unis) and Festival du nouveau cin\u00e9ma, Soci\u00e9t\u00e9 des arts technologiques, Montreal (Qc), Mois multi, Studio d\u2019essai de M\u00e9duse, Quebec, 2000. Symposium d\u2019art actuel de Moncton, Moncton (New-Brunswick), 1999.[\/vc_column_text][\/vc_column][vc_column width=&#8221;1\/1&#8243;][vc_video link=&#8221;https:\/\/youtu.be\/eDJzPfc00lI&#8221;][\/vc_column][\/vc_row][vc_row full_width=&#8221;&#8221;][vc_column width=&#8221;1\/2&#8243;][vc_single_image image=&#8221;958&#8243; alignment=&#8221;center&#8221; border_color=&#8221;grey&#8221; img_link_large=&#8221;&#8221; img_link_target=&#8221;_self&#8221; img_size=&#8221;full&#8221;][\/vc_column][vc_column width=&#8221;1\/2&#8243;][vc_single_image image=&#8221;954&#8243; border_color=&#8221;grey&#8221; img_link_large=&#8221;&#8221; img_link_target=&#8221;_self&#8221; img_size=&#8221;full&#8221; alignment=&#8221;center&#8221;][\/vc_column][\/vc_row][vc_row full_width=&#8221;&#8221;][vc_column width=&#8221;1\/2&#8243;][vc_single_image image=&#8221;959&#8243; alignment=&#8221;center&#8221; border_color=&#8221;grey&#8221; img_link_large=&#8221;&#8221; img_link_target=&#8221;_self&#8221; img_size=&#8221;full&#8221;][\/vc_column][vc_column width=&#8221;1\/2&#8243;][vc_single_image image=&#8221;962&#8243; border_color=&#8221;grey&#8221; img_link_large=&#8221;&#8221; img_link_target=&#8221;_self&#8221; img_size=&#8221;full&#8221; alignment=&#8221;center&#8221;][\/vc_column][\/vc_row]<\/p>\n<\/section>","protected":false},"excerpt":{"rendered":"<p>[vc_row][vc_column][vc_column_text]La Salle des N\u0153uds est une installation d&#8217;Emile Morin et Jocelyn Robert. L\u2019installation est une structure conceptuelle et physique qui utilise comme moteur un attracteur \u00e9trange, une \u00e9quation du math\u00e9maticien Lorenz. La Salle des N\u0153uds est \u00e9galement une \u0153uvre \u00e9volutive pr\u00e9sent\u00e9e plusieurs fois et sous diff\u00e9rents aspects. Computer Voices \/ Speaking Machines, Walter Phillips Gallery, &#8230; <a title=\"La Salle des noeuds\" class=\"read-more\" href=\"http:\/\/jocelynrobert.com\/?page_id=956\" aria-label=\"More on La Salle des noeuds\">Read more<\/a><\/p>\n","protected":false},"author":1,"featured_media":0,"parent":40,"menu_order":0,"comment_status":"closed","ping_status":"open","template":"","meta":[],"_links":{"self":[{"href":"http:\/\/jocelynrobert.com\/index.php?rest_route=\/wp\/v2\/pages\/956"}],"collection":[{"href":"http:\/\/jocelynrobert.com\/index.php?rest_route=\/wp\/v2\/pages"}],"about":[{"href":"http:\/\/jocelynrobert.com\/index.php?rest_route=\/wp\/v2\/types\/page"}],"author":[{"embeddable":true,"href":"http:\/\/jocelynrobert.com\/index.php?rest_route=\/wp\/v2\/users\/1"}],"replies":[{"embeddable":true,"href":"http:\/\/jocelynrobert.com\/index.php?rest_route=%2Fwp%2Fv2%2Fcomments&post=956"}],"version-history":[{"count":2,"href":"http:\/\/jocelynrobert.com\/index.php?rest_route=\/wp\/v2\/pages\/956\/revisions"}],"predecessor-version":[{"id":963,"href":"http:\/\/jocelynrobert.com\/index.php?rest_route=\/wp\/v2\/pages\/956\/revisions\/963"}],"up":[{"embeddable":true,"href":"http:\/\/jocelynrobert.com\/index.php?rest_route=\/wp\/v2\/pages\/40"}],"wp:attachment":[{"href":"http:\/\/jocelynrobert.com\/index.php?rest_route=%2Fwp%2Fv2%2Fmedia&parent=956"}],"curies":[{"name":"wp","href":"https:\/\/api.w.org\/{rel}","templated":true}]}}