{"id":968,"date":"2015-04-07T15:33:38","date_gmt":"2015-04-07T15:33:38","guid":{"rendered":"http:\/\/jocelynrobert.com\/?page_id=968"},"modified":"2015-04-10T15:20:00","modified_gmt":"2015-04-10T15:20:00","slug":"bonjour-durer","status":"publish","type":"page","link":"http:\/\/jocelynrobert.com\/?page_id=968","title":{"rendered":"Bonjour D\u00fcrer"},"content":{"rendered":"<section class=\"wpb-content-wrapper\"><p>[vc_row][vc_column][vc_column_text]Installation photographique in situ. Le mur de brique de la galerie est recouvert de sa propre image, en 3000 photographies. Les photos ont \u00e9t\u00e9 prises \u00e0 la lumi\u00e8re du jour, le temps pass\u00e9 est lisible dans l&#8217;\u00e9criture photographique. Pr\u00e9sent\u00e9 \u00e0 L&#8217;Oeil de poisson, Qu\u00e9bec, 1988.<\/p>\n<p>An in situ photo installation. The brick wall of the gallery is covered by its own picture, made from 3000 photos. The photos have been take in daylight, and thus the time of the project can be read in the photographic writing. Shown at L&#8217;Oeil de poisson, Quebec, 1988.<\/p>\n<p>&nbsp;[\/vc_column_text][\/vc_column][vc_column width=&#8221;1\/1&#8243;][vc_single_image image=&#8221;971&#8243; alignment=&#8221;center&#8221; border_color=&#8221;grey&#8221; img_link_large=&#8221;&#8221; img_link_target=&#8221;_self&#8221; img_size=&#8221;full&#8221;][\/vc_column][\/vc_row][vc_row full_width=&#8221;&#8221;][vc_column width=&#8221;1\/1&#8243;][vc_single_image image=&#8221;972&#8243; alignment=&#8221;center&#8221; border_color=&#8221;grey&#8221; img_link_large=&#8221;&#8221; img_link_target=&#8221;_self&#8221; img_size=&#8221;full&#8221;][\/vc_column][\/vc_row][vc_row full_width=&#8221;&#8221;][vc_column width=&#8221;1\/1&#8243;][vc_single_image image=&#8221;973&#8243; alignment=&#8221;center&#8221; border_color=&#8221;grey&#8221; img_link_large=&#8221;&#8221; img_link_target=&#8221;_self&#8221; img_size=&#8221;full&#8221;][\/vc_column][\/vc_row][vc_row full_width=&#8221;&#8221;][vc_column width=&#8221;1\/1&#8243;][vc_single_image image=&#8221;974&#8243; alignment=&#8221;center&#8221; border_color=&#8221;grey&#8221; img_link_large=&#8221;&#8221; img_link_target=&#8221;_self&#8221; img_size=&#8221;full&#8221;][\/vc_column][\/vc_row]<\/p>\n<\/section>","protected":false},"excerpt":{"rendered":"<p>[vc_row][vc_column][vc_column_text]Installation photographique in situ. Le mur de brique de la galerie est recouvert de sa propre image, en 3000 photographies. Les photos ont \u00e9t\u00e9 prises \u00e0 la lumi\u00e8re du jour, le temps pass\u00e9 est lisible dans l&#8217;\u00e9criture photographique. Pr\u00e9sent\u00e9 \u00e0 L&#8217;Oeil de poisson, Qu\u00e9bec, 1988. An in situ photo installation. The brick wall of the &#8230; <a title=\"Bonjour D\u00fcrer\" class=\"read-more\" href=\"http:\/\/jocelynrobert.com\/?page_id=968\" aria-label=\"More on Bonjour D\u00fcrer\">Read more<\/a><\/p>\n","protected":false},"author":1,"featured_media":0,"parent":40,"menu_order":0,"comment_status":"closed","ping_status":"open","template":"","meta":[],"_links":{"self":[{"href":"http:\/\/jocelynrobert.com\/index.php?rest_route=\/wp\/v2\/pages\/968"}],"collection":[{"href":"http:\/\/jocelynrobert.com\/index.php?rest_route=\/wp\/v2\/pages"}],"about":[{"href":"http:\/\/jocelynrobert.com\/index.php?rest_route=\/wp\/v2\/types\/page"}],"author":[{"embeddable":true,"href":"http:\/\/jocelynrobert.com\/index.php?rest_route=\/wp\/v2\/users\/1"}],"replies":[{"embeddable":true,"href":"http:\/\/jocelynrobert.com\/index.php?rest_route=%2Fwp%2Fv2%2Fcomments&post=968"}],"version-history":[{"count":3,"href":"http:\/\/jocelynrobert.com\/index.php?rest_route=\/wp\/v2\/pages\/968\/revisions"}],"predecessor-version":[{"id":1183,"href":"http:\/\/jocelynrobert.com\/index.php?rest_route=\/wp\/v2\/pages\/968\/revisions\/1183"}],"up":[{"embeddable":true,"href":"http:\/\/jocelynrobert.com\/index.php?rest_route=\/wp\/v2\/pages\/40"}],"wp:attachment":[{"href":"http:\/\/jocelynrobert.com\/index.php?rest_route=%2Fwp%2Fv2%2Fmedia&parent=968"}],"curies":[{"name":"wp","href":"https:\/\/api.w.org\/{rel}","templated":true}]}}