{"id":979,"date":"2015-04-07T15:50:27","date_gmt":"2015-04-07T15:50:27","guid":{"rendered":"http:\/\/jocelynrobert.com\/?page_id=979"},"modified":"2015-04-07T15:54:17","modified_gmt":"2015-04-07T15:54:17","slug":"les-abbatoirs","status":"publish","type":"page","link":"http:\/\/jocelynrobert.com\/?page_id=979","title":{"rendered":"Les Abbatoirs"},"content":{"rendered":"<section class=\"wpb-content-wrapper\"><p>[vc_row][vc_column][vc_column_text]Les R\u00e9seaux 6 : Les Abbatoirs. avec Diane Landry, 1993.<br \/>\nPerformance &#8211; installation : une quarantaine de ballons gonfl\u00e9s d&#8217;h\u00e9lium, auxquels sont attach\u00e9s des objets sonores, sont retenus par des seaux pleins d&#8217;eau. Une fois l&#8217;installation compl\u00e9t\u00e9e, les seaux sont perc\u00e9s, l&#8217;eau s&#8217;\u00e9coule, et les ballons prennent lentement leur envol, r\u00e9sonnant dans le ciel nocturne de Marseille.<\/p>\n<p>Les R\u00e9seaux 6 : Les Abbatoirs. avec Diane Landry, 1993.<br \/>\nPerformance\/installation : about forty ballons filled with helium, to which sound objects are attached, are held down by water-filled buckets. Once the installation is completed, the buckets are punctured, the water runs out, and the ballons take off with their sound devices in the Marseille night sky.<\/p>\n<p>&nbsp;[\/vc_column_text][\/vc_column][vc_column width=&#8221;1\/1&#8243;][vc_single_image image=&#8221;982&#8243; alignment=&#8221;center&#8221; border_color=&#8221;grey&#8221; img_link_large=&#8221;&#8221; img_link_target=&#8221;_self&#8221; img_size=&#8221;full&#8221;][\/vc_column][\/vc_row][vc_row full_width=&#8221;&#8221;][vc_column width=&#8221;1\/1&#8243;][vc_single_image image=&#8221;985&#8243; alignment=&#8221;center&#8221; border_color=&#8221;grey&#8221; img_link_large=&#8221;&#8221; img_link_target=&#8221;_self&#8221; img_size=&#8221;full&#8221;][\/vc_column][\/vc_row]<\/p>\n<\/section>","protected":false},"excerpt":{"rendered":"<p>[vc_row][vc_column][vc_column_text]Les R\u00e9seaux 6 : Les Abbatoirs. avec Diane Landry, 1993. Performance &#8211; installation : une quarantaine de ballons gonfl\u00e9s d&#8217;h\u00e9lium, auxquels sont attach\u00e9s des objets sonores, sont retenus par des seaux pleins d&#8217;eau. Une fois l&#8217;installation compl\u00e9t\u00e9e, les seaux sont perc\u00e9s, l&#8217;eau s&#8217;\u00e9coule, et les ballons prennent lentement leur envol, r\u00e9sonnant dans le ciel nocturne &#8230; <a title=\"Les Abbatoirs\" class=\"read-more\" href=\"http:\/\/jocelynrobert.com\/?page_id=979\" aria-label=\"More on Les Abbatoirs\">Read more<\/a><\/p>\n","protected":false},"author":1,"featured_media":0,"parent":40,"menu_order":0,"comment_status":"closed","ping_status":"open","template":"","meta":[],"_links":{"self":[{"href":"http:\/\/jocelynrobert.com\/index.php?rest_route=\/wp\/v2\/pages\/979"}],"collection":[{"href":"http:\/\/jocelynrobert.com\/index.php?rest_route=\/wp\/v2\/pages"}],"about":[{"href":"http:\/\/jocelynrobert.com\/index.php?rest_route=\/wp\/v2\/types\/page"}],"author":[{"embeddable":true,"href":"http:\/\/jocelynrobert.com\/index.php?rest_route=\/wp\/v2\/users\/1"}],"replies":[{"embeddable":true,"href":"http:\/\/jocelynrobert.com\/index.php?rest_route=%2Fwp%2Fv2%2Fcomments&post=979"}],"version-history":[{"count":4,"href":"http:\/\/jocelynrobert.com\/index.php?rest_route=\/wp\/v2\/pages\/979\/revisions"}],"predecessor-version":[{"id":987,"href":"http:\/\/jocelynrobert.com\/index.php?rest_route=\/wp\/v2\/pages\/979\/revisions\/987"}],"up":[{"embeddable":true,"href":"http:\/\/jocelynrobert.com\/index.php?rest_route=\/wp\/v2\/pages\/40"}],"wp:attachment":[{"href":"http:\/\/jocelynrobert.com\/index.php?rest_route=%2Fwp%2Fv2%2Fmedia&parent=979"}],"curies":[{"name":"wp","href":"https:\/\/api.w.org\/{rel}","templated":true}]}}