{"id":1757,"date":"2022-12-23T21:51:17","date_gmt":"2022-12-23T21:51:17","guid":{"rendered":"https:\/\/jocelynrobert.com\/?page_id=1757"},"modified":"2022-12-23T21:51:17","modified_gmt":"2022-12-23T21:51:17","slug":"the-ballad-of-peach-blossom-spring","status":"publish","type":"page","link":"https:\/\/jocelynrobert.com\/?page_id=1757","title":{"rendered":"The Ballad of Peach Blossom Spring"},"content":{"rendered":"<section class=\"wpb-content-wrapper\"><p>[vc_row][vc_column][vc_column_text]<span class=\"x193iq5w xeuugli x13faqbe x1vvkbs xlh3980 xvmahel x1n0sxbx x1lliihq x1s928wv xhkezso x1gmr53x x1cpjm7i x1fgarty x1943h6x xudqn12 x3x7a5m x6prxxf xvq8zen xo1l8bm xzsf02u\" dir=\"auto\" lang=\"fr\">Un nouveau mash-up sonore, \u00e0 l&#8217;intersection de l&#8217;IA et de la d\u00e9rive litt\u00e9raire&#8230; <\/span><\/p>\n<p><span class=\"x193iq5w xeuugli x13faqbe x1vvkbs xlh3980 xvmahel x1n0sxbx x1lliihq x1s928wv xhkezso x1gmr53x x1cpjm7i x1fgarty x1943h6x xudqn12 x3x7a5m x6prxxf xvq8zen xo1l8bm xzsf02u\" dir=\"auto\" lang=\"fr\">A new audio mash-up work, blending AI with text vertigo<\/span>&#8230;<\/p>\n<p><a href=\"https:\/\/jocelynrobert.bandcamp.com\/album\/the-ballad-of-peach-blossom-spring\">https:\/\/jocelynrobert.bandcamp.com\/album\/the-ballad-of-peach-blossom-spring<\/a>[\/vc_column_text][vc_single_image image=&#8221;1753&#8243; img_size=&#8221;medium&#8221;][\/vc_column][\/vc_row]<\/p>\n<\/section>","protected":false},"excerpt":{"rendered":"<p>[vc_row][vc_column][vc_column_text]Un nouveau mash-up sonore, \u00e0 l&#8217;intersection de l&#8217;IA et de la d\u00e9rive litt\u00e9raire&#8230; A new audio mash-up work, blending AI with text vertigo&#8230; https:\/\/jocelynrobert.bandcamp.com\/album\/the-ballad-of-peach-blossom-spring[\/vc_column_text][vc_single_image image=&#8221;1753&#8243; img_size=&#8221;medium&#8221;][\/vc_column][\/vc_row]<\/p>\n","protected":false},"author":1,"featured_media":0,"parent":43,"menu_order":0,"comment_status":"closed","ping_status":"closed","template":"","meta":[],"_links":{"self":[{"href":"https:\/\/jocelynrobert.com\/index.php?rest_route=\/wp\/v2\/pages\/1757"}],"collection":[{"href":"https:\/\/jocelynrobert.com\/index.php?rest_route=\/wp\/v2\/pages"}],"about":[{"href":"https:\/\/jocelynrobert.com\/index.php?rest_route=\/wp\/v2\/types\/page"}],"author":[{"embeddable":true,"href":"https:\/\/jocelynrobert.com\/index.php?rest_route=\/wp\/v2\/users\/1"}],"replies":[{"embeddable":true,"href":"https:\/\/jocelynrobert.com\/index.php?rest_route=%2Fwp%2Fv2%2Fcomments&post=1757"}],"version-history":[{"count":2,"href":"https:\/\/jocelynrobert.com\/index.php?rest_route=\/wp\/v2\/pages\/1757\/revisions"}],"predecessor-version":[{"id":1759,"href":"https:\/\/jocelynrobert.com\/index.php?rest_route=\/wp\/v2\/pages\/1757\/revisions\/1759"}],"up":[{"embeddable":true,"href":"https:\/\/jocelynrobert.com\/index.php?rest_route=\/wp\/v2\/pages\/43"}],"wp:attachment":[{"href":"https:\/\/jocelynrobert.com\/index.php?rest_route=%2Fwp%2Fv2%2Fmedia&parent=1757"}],"curies":[{"name":"wp","href":"https:\/\/api.w.org\/{rel}","templated":true}]}}