{"id":1786,"date":"2023-02-08T15:25:42","date_gmt":"2023-02-08T15:25:42","guid":{"rendered":"https:\/\/jocelynrobert.com\/?page_id=1786"},"modified":"2023-02-08T16:09:02","modified_gmt":"2023-02-08T16:09:02","slug":"conjonctures","status":"publish","type":"page","link":"https:\/\/jocelynrobert.com\/?page_id=1786","title":{"rendered":"Conjonctures"},"content":{"rendered":"<section class=\"wpb-content-wrapper\"><p>[vc_row][vc_column][vc_column_text]Exposition solo pr\u00e9sent\u00e9e au Centre Expression, \u00e0 St-Hyacinthe (Qc), en 2019.<\/p>\n<p>Solo show presented at Centre Expression, St-Hyacinthe (Qc), in 2019.<\/p>\n<p><a href=\"https:\/\/www.ledevoir.com\/culture\/arts-visuels\/562479\/jocelyn-robert-au-dela-du-consensus\">https:\/\/www.ledevoir.com\/culture\/arts-visuels\/562479\/jocelyn-robert-au-dela-du-consensus<\/a><\/p>\n<p><a href=\"https:\/\/www.expression.qc.ca\/fr\/expositions\/archives\/2019-2020\/article\/jocelyn-robert\">https:\/\/www.expression.qc.ca\/fr\/expositions\/archives\/2019-2020\/article\/jocelyn-robert<\/a><\/p>\n<p><a href=\"https:\/\/lecourrier.qc.ca\/jocelyn-robert-explore-les-conjonctures\/\">https:\/\/lecourrier.qc.ca\/jocelyn-robert-explore-les-conjonctures\/<\/a><\/p>\n<p>&nbsp;[\/vc_column_text][\/vc_column][\/vc_row][vc_row][vc_column][vc_images_carousel images=&#8221;1788,1789,1790,1803,1793,1792,1794,1796,1795,1797,1798,1804,1808,1806&#8243; img_size=&#8221;1000 X 800&#8243; autoplay=&#8221;yes&#8221;][\/vc_column][\/vc_row][vc_row][vc_column][vc_video link=&#8221;https:\/\/www.youtube.com\/watch?v=jlxe4jWieXg&#038;t=90s&#8221; align=&#8221;center&#8221;][\/vc_column][\/vc_row]<\/p>\n<\/section>","protected":false},"excerpt":{"rendered":"<p>[vc_row][vc_column][vc_column_text]Exposition solo pr\u00e9sent\u00e9e au Centre Expression, \u00e0 St-Hyacinthe (Qc), en 2019. Solo show presented at Centre Expression, St-Hyacinthe (Qc), in 2019. https:\/\/www.ledevoir.com\/culture\/arts-visuels\/562479\/jocelyn-robert-au-dela-du-consensus https:\/\/www.expression.qc.ca\/fr\/expositions\/archives\/2019-2020\/article\/jocelyn-robert https:\/\/lecourrier.qc.ca\/jocelyn-robert-explore-les-conjonctures\/ &nbsp;[\/vc_column_text][\/vc_column][\/vc_row][vc_row][vc_column][vc_images_carousel images=&#8221;1788,1789,1790,1803,1793,1792,1794,1796,1795,1797,1798,1804,1808,1806&#8243; img_size=&#8221;1000 X 800&#8243; autoplay=&#8221;yes&#8221;][\/vc_column][\/vc_row][vc_row][vc_column][vc_video link=&#8221;https:\/\/www.youtube.com\/watch?v=jlxe4jWieXg&#038;t=90s&#8221; align=&#8221;center&#8221;][\/vc_column][\/vc_row]<\/p>\n","protected":false},"author":1,"featured_media":0,"parent":40,"menu_order":0,"comment_status":"closed","ping_status":"closed","template":"","meta":[],"_links":{"self":[{"href":"https:\/\/jocelynrobert.com\/index.php?rest_route=\/wp\/v2\/pages\/1786"}],"collection":[{"href":"https:\/\/jocelynrobert.com\/index.php?rest_route=\/wp\/v2\/pages"}],"about":[{"href":"https:\/\/jocelynrobert.com\/index.php?rest_route=\/wp\/v2\/types\/page"}],"author":[{"embeddable":true,"href":"https:\/\/jocelynrobert.com\/index.php?rest_route=\/wp\/v2\/users\/1"}],"replies":[{"embeddable":true,"href":"https:\/\/jocelynrobert.com\/index.php?rest_route=%2Fwp%2Fv2%2Fcomments&post=1786"}],"version-history":[{"count":4,"href":"https:\/\/jocelynrobert.com\/index.php?rest_route=\/wp\/v2\/pages\/1786\/revisions"}],"predecessor-version":[{"id":1821,"href":"https:\/\/jocelynrobert.com\/index.php?rest_route=\/wp\/v2\/pages\/1786\/revisions\/1821"}],"up":[{"embeddable":true,"href":"https:\/\/jocelynrobert.com\/index.php?rest_route=\/wp\/v2\/pages\/40"}],"wp:attachment":[{"href":"https:\/\/jocelynrobert.com\/index.php?rest_route=%2Fwp%2Fv2%2Fmedia&parent=1786"}],"curies":[{"name":"wp","href":"https:\/\/api.w.org\/{rel}","templated":true}]}}