{"id":1815,"date":"2023-02-08T15:48:32","date_gmt":"2023-02-08T15:48:32","guid":{"rendered":"https:\/\/jocelynrobert.com\/?page_id=1815"},"modified":"2023-02-08T15:51:13","modified_gmt":"2023-02-08T15:51:13","slug":"mon-pere-et-moi","status":"publish","type":"page","link":"https:\/\/jocelynrobert.com\/?page_id=1815","title":{"rendered":"Mon p\u00e8re et moi"},"content":{"rendered":"<section class=\"wpb-content-wrapper\"><p>[vc_row][vc_column][vc_column_text]<em>Mon p\u00e8re et moi<\/em>, \u0153uvre pr\u00e9sent\u00e9e au Mus\u00e9e des Beaux-Arts du Canada (Ottawa, Ont) dans le cadre du Prix du Gouverneur G\u00e9n\u00e9ral du Canada. Pr\u00e9sentation commissari\u00e9e par Jos\u00e9e Drouin. Photos d&#8217;ensemble par Jinny Yu.<\/p>\n<p><em>Mon p\u00e8re et moi<\/em>, a work shown at the National Gallery of Canada (Ottawa, Ont) as part of the Governor General of Canada Awards. Curated by Jos\u00e9e Drouin, photos by Jinny Yu.[\/vc_column_text][\/vc_column][\/vc_row][vc_row][vc_column][vc_gallery interval=&#8221;3&#8243; images=&#8221;1812,1811,1813,1814&#8243; img_size=&#8221;1000 X 800&#8243;][\/vc_column][\/vc_row]<\/p>\n<\/section>","protected":false},"excerpt":{"rendered":"<p>[vc_row][vc_column][vc_column_text]Mon p\u00e8re et moi, \u0153uvre pr\u00e9sent\u00e9e au Mus\u00e9e des Beaux-Arts du Canada (Ottawa, Ont) dans le cadre du Prix du Gouverneur G\u00e9n\u00e9ral du Canada. Pr\u00e9sentation commissari\u00e9e par Jos\u00e9e Drouin. Photos d&#8217;ensemble par Jinny Yu. Mon p\u00e8re et moi, a work shown at the National Gallery of Canada (Ottawa, Ont) as part of the Governor General &#8230; <a title=\"Mon p\u00e8re et moi\" class=\"read-more\" href=\"https:\/\/jocelynrobert.com\/?page_id=1815\" aria-label=\"More on Mon p\u00e8re et moi\">Read more<\/a><\/p>\n","protected":false},"author":1,"featured_media":0,"parent":40,"menu_order":0,"comment_status":"closed","ping_status":"closed","template":"","meta":[],"_links":{"self":[{"href":"https:\/\/jocelynrobert.com\/index.php?rest_route=\/wp\/v2\/pages\/1815"}],"collection":[{"href":"https:\/\/jocelynrobert.com\/index.php?rest_route=\/wp\/v2\/pages"}],"about":[{"href":"https:\/\/jocelynrobert.com\/index.php?rest_route=\/wp\/v2\/types\/page"}],"author":[{"embeddable":true,"href":"https:\/\/jocelynrobert.com\/index.php?rest_route=\/wp\/v2\/users\/1"}],"replies":[{"embeddable":true,"href":"https:\/\/jocelynrobert.com\/index.php?rest_route=%2Fwp%2Fv2%2Fcomments&post=1815"}],"version-history":[{"count":4,"href":"https:\/\/jocelynrobert.com\/index.php?rest_route=\/wp\/v2\/pages\/1815\/revisions"}],"predecessor-version":[{"id":1820,"href":"https:\/\/jocelynrobert.com\/index.php?rest_route=\/wp\/v2\/pages\/1815\/revisions\/1820"}],"up":[{"embeddable":true,"href":"https:\/\/jocelynrobert.com\/index.php?rest_route=\/wp\/v2\/pages\/40"}],"wp:attachment":[{"href":"https:\/\/jocelynrobert.com\/index.php?rest_route=%2Fwp%2Fv2%2Fmedia&parent=1815"}],"curies":[{"name":"wp","href":"https:\/\/api.w.org\/{rel}","templated":true}]}}