{"id":1827,"date":"2023-05-31T18:54:59","date_gmt":"2023-05-31T18:54:59","guid":{"rendered":"https:\/\/jocelynrobert.com\/?page_id=1827"},"modified":"2023-05-31T19:12:04","modified_gmt":"2023-05-31T19:12:04","slug":"entrevues-video","status":"publish","type":"page","link":"https:\/\/jocelynrobert.com\/?page_id=1827","title":{"rendered":"Entrevues vid\u00e9o"},"content":{"rendered":"<section class=\"wpb-content-wrapper\"><p>[vc_row][vc_column][vc_column_text]<a href=\"https:\/\/www.youtube.com\/watch?v=Bzj07mP3EaE&amp;t=2s\">Portrait vid\u00e9o<\/a> &#8211; Ordre des arts et des lettres du Qu\u00e9bec, 2023<\/p>\n<p><a href=\"https:\/\/vimeo.com\/814870568\">Portrait vid\u00e9o<\/a> &#8211; Prix du Gouverneur g\u00e9n\u00e9ral du Canada, par Josiane Roberge, 2023<\/p>\n<p><a href=\"https:\/\/www.youtube.com\/watch?v=9igcHXppzZU\">Portrait vid\u00e9o<\/a> &#8211; Prix du Gouverneur g\u00e9n\u00e9ral du Canada, par Guillaume Vall\u00e9e, 2022<\/p>\n<p><a href=\"https:\/\/www.google.com\/search?client=firefox-b-d&amp;q=mois+multi+jocelyn+robert#fpstate=ive&amp;vld=cid:4f36e218,vid:_be2kMRT7_E\">Entrevue<\/a> &#8211; Mois Multi &#8211; 2014<\/p>\n<p><a href=\"https:\/\/vimeo.com\/39838081\">Discussion avec Mathieu Dugal<\/a> &#8211; S\u00e9rie Archipels, 2012[\/vc_column_text][\/vc_column][\/vc_row]<\/p>\n<\/section>","protected":false},"excerpt":{"rendered":"<p>[vc_row][vc_column][vc_column_text]Portrait vid\u00e9o &#8211; Ordre des arts et des lettres du Qu\u00e9bec, 2023 Portrait vid\u00e9o &#8211; Prix du Gouverneur g\u00e9n\u00e9ral du Canada, par Josiane Roberge, 2023 Portrait vid\u00e9o &#8211; Prix du Gouverneur g\u00e9n\u00e9ral du Canada, par Guillaume Vall\u00e9e, 2022 Entrevue &#8211; Mois Multi &#8211; 2014 Discussion avec Mathieu Dugal &#8211; S\u00e9rie Archipels, 2012[\/vc_column_text][\/vc_column][\/vc_row]<\/p>\n","protected":false},"author":1,"featured_media":0,"parent":14,"menu_order":0,"comment_status":"closed","ping_status":"closed","template":"","meta":[],"_links":{"self":[{"href":"https:\/\/jocelynrobert.com\/index.php?rest_route=\/wp\/v2\/pages\/1827"}],"collection":[{"href":"https:\/\/jocelynrobert.com\/index.php?rest_route=\/wp\/v2\/pages"}],"about":[{"href":"https:\/\/jocelynrobert.com\/index.php?rest_route=\/wp\/v2\/types\/page"}],"author":[{"embeddable":true,"href":"https:\/\/jocelynrobert.com\/index.php?rest_route=\/wp\/v2\/users\/1"}],"replies":[{"embeddable":true,"href":"https:\/\/jocelynrobert.com\/index.php?rest_route=%2Fwp%2Fv2%2Fcomments&post=1827"}],"version-history":[{"count":3,"href":"https:\/\/jocelynrobert.com\/index.php?rest_route=\/wp\/v2\/pages\/1827\/revisions"}],"predecessor-version":[{"id":1833,"href":"https:\/\/jocelynrobert.com\/index.php?rest_route=\/wp\/v2\/pages\/1827\/revisions\/1833"}],"up":[{"embeddable":true,"href":"https:\/\/jocelynrobert.com\/index.php?rest_route=\/wp\/v2\/pages\/14"}],"wp:attachment":[{"href":"https:\/\/jocelynrobert.com\/index.php?rest_route=%2Fwp%2Fv2%2Fmedia&parent=1827"}],"curies":[{"name":"wp","href":"https:\/\/api.w.org\/{rel}","templated":true}]}}