{"id":1921,"date":"2025-12-29T15:50:20","date_gmt":"2025-12-29T15:50:20","guid":{"rendered":"https:\/\/jocelynrobert.com\/?page_id=1921"},"modified":"2025-12-29T16:07:51","modified_gmt":"2025-12-29T16:07:51","slug":"enchiladas","status":"publish","type":"page","link":"https:\/\/jocelynrobert.com\/?page_id=1921","title":{"rendered":"Enchiladas"},"content":{"rendered":"<section class=\"wpb-content-wrapper\"><p>[vc_row][vc_column][vc_column_text]<\/p>\n<p>Une s\u00e9rie de tr\u00e8s courtes vid\u00e9os (de 5 \u00e0 20 secondes) publi\u00e9es une fois la semaine sur Instagram ( @jrontheroad ) et Facebook ( https:\/\/www.facebook.com\/jocelyn.robert.54 ) \/ A series of very short videos published once a week on Instagram ( @jrontheroad ) and Facebook ( https:\/\/www.facebook.com\/jocelyn.robert.54 )<\/p>\n<p>Quelques exemples \/ A few examples<\/p>\n\n\n<figure class=\"wp-block-embed is-type-video is-provider-vimeo wp-block-embed-vimeo wp-embed-aspect-16-9 wp-has-aspect-ratio\"><\/figure>\n<p>[\/vc_column_text][\/vc_column][\/vc_row][vc_row][vc_column width=&#8221;1\/3&#8243;][vc_video link=&#8221;https:\/\/vimeo.com\/1132213921&#8243;][\/vc_column][vc_column width=&#8221;1\/3&#8243;][vc_video link=&#8221;https:\/\/vimeo.com\/1132215925&#8243;][\/vc_column][vc_column width=&#8221;1\/3&#8243;][vc_video link=&#8221;https:\/\/vimeo.com\/1132216607&#8243;][\/vc_column][\/vc_row][vc_row][vc_column width=&#8221;1\/3&#8243;][\/vc_column][vc_column width=&#8221;1\/3&#8243;][vc_video link=&#8221;https:\/\/vimeo.com\/1134306935&#8243;][\/vc_column][vc_column width=&#8221;1\/3&#8243;][\/vc_column][\/vc_row]<\/p>\n<\/section>","protected":false},"excerpt":{"rendered":"<p>[vc_row][vc_column][vc_column_text] Une s\u00e9rie de tr\u00e8s courtes vid\u00e9os (de 5 \u00e0 20 secondes) publi\u00e9es une fois la semaine sur Instagram ( @jrontheroad ) et Facebook ( https:\/\/www.facebook.com\/jocelyn.robert.54 ) \/ A series of very short videos published once a week on Instagram ( @jrontheroad ) and Facebook ( https:\/\/www.facebook.com\/jocelyn.robert.54 ) Quelques exemples \/ A few examples<\/p>\n","protected":false},"author":1,"featured_media":0,"parent":198,"menu_order":0,"comment_status":"closed","ping_status":"closed","template":"","meta":[],"_links":{"self":[{"href":"https:\/\/jocelynrobert.com\/index.php?rest_route=\/wp\/v2\/pages\/1921"}],"collection":[{"href":"https:\/\/jocelynrobert.com\/index.php?rest_route=\/wp\/v2\/pages"}],"about":[{"href":"https:\/\/jocelynrobert.com\/index.php?rest_route=\/wp\/v2\/types\/page"}],"author":[{"embeddable":true,"href":"https:\/\/jocelynrobert.com\/index.php?rest_route=\/wp\/v2\/users\/1"}],"replies":[{"embeddable":true,"href":"https:\/\/jocelynrobert.com\/index.php?rest_route=%2Fwp%2Fv2%2Fcomments&post=1921"}],"version-history":[{"count":3,"href":"https:\/\/jocelynrobert.com\/index.php?rest_route=\/wp\/v2\/pages\/1921\/revisions"}],"predecessor-version":[{"id":1935,"href":"https:\/\/jocelynrobert.com\/index.php?rest_route=\/wp\/v2\/pages\/1921\/revisions\/1935"}],"up":[{"embeddable":true,"href":"https:\/\/jocelynrobert.com\/index.php?rest_route=\/wp\/v2\/pages\/198"}],"wp:attachment":[{"href":"https:\/\/jocelynrobert.com\/index.php?rest_route=%2Fwp%2Fv2%2Fmedia&parent=1921"}],"curies":[{"name":"wp","href":"https:\/\/api.w.org\/{rel}","templated":true}]}}