{"id":1923,"date":"2025-12-29T15:57:12","date_gmt":"2025-12-29T15:57:12","guid":{"rendered":"https:\/\/jocelynrobert.com\/?page_id=1923"},"modified":"2025-12-29T16:01:58","modified_gmt":"2025-12-29T16:01:58","slug":"la-femme-et-loiseau","status":"publish","type":"page","link":"https:\/\/jocelynrobert.com\/?page_id=1923","title":{"rendered":"La femme et l&#8217;oiseau"},"content":{"rendered":"<section class=\"wpb-content-wrapper\"><p>[vc_row][vc_column][vc_column_text]<\/p>\n<p><em>La Femme et l&#8217;oiseau<\/em> (2025) est une vid\u00e9o d&#8217;environ 11:45. Per\u00e7ue par certains comme surr\u00e9aliste, elle serait plut\u00f4t protor\u00e9aliste : elle ne propose pas un univers nouveau mais sugg\u00e8re plut\u00f4t quelques ancrages pour l&#8217;imagination \/ <em>The Woman and the Bird<\/em> (2025) is a video of 11:45. Seen by some as a surrealist proposal, it is rather a protorealist one : it doesn&#8217;t offer a new imaginary landscape but it rather provides anchors for the imagination.<\/p>\n\n\n<p>&nbsp;<\/p>\n<p>[\/vc_column_text][\/vc_column][\/vc_row][vc_row][vc_column width=&#8221;1\/3&#8243;][vc_single_image image=&#8221;1924&#8243; img_size=&#8221;medium&#8221;][\/vc_column][vc_column width=&#8221;1\/3&#8243;][vc_single_image image=&#8221;1927&#8243; img_size=&#8221;medium&#8221;][\/vc_column][vc_column width=&#8221;1\/3&#8243;][vc_single_image image=&#8221;1928&#8243; img_size=&#8221;medium&#8221;][\/vc_column][\/vc_row][vc_row][vc_column width=&#8221;1\/3&#8243;][vc_single_image image=&#8221;1929&#8243; img_size=&#8221;medium&#8221;][\/vc_column][vc_column width=&#8221;1\/3&#8243;][vc_single_image image=&#8221;1930&#8243; img_size=&#8221;medium&#8221;][\/vc_column][vc_column width=&#8221;1\/3&#8243;][vc_single_image image=&#8221;1931&#8243; img_size=&#8221;medium&#8221;][\/vc_column][\/vc_row]<\/p>\n<\/section>","protected":false},"excerpt":{"rendered":"<p>[vc_row][vc_column][vc_column_text] La Femme et l&#8217;oiseau (2025) est une vid\u00e9o d&#8217;environ 11:45. Per\u00e7ue par certains comme surr\u00e9aliste, elle serait plut\u00f4t protor\u00e9aliste : elle ne propose pas un univers nouveau mais sugg\u00e8re plut\u00f4t quelques ancrages pour l&#8217;imagination \/ The Woman and the Bird (2025) is a video of 11:45. Seen by some as a surrealist proposal, it &#8230; <a title=\"La femme et l&#8217;oiseau\" class=\"read-more\" href=\"https:\/\/jocelynrobert.com\/?page_id=1923\" aria-label=\"More on La femme et l&#8217;oiseau\">Read more<\/a><\/p>\n","protected":false},"author":1,"featured_media":0,"parent":0,"menu_order":0,"comment_status":"closed","ping_status":"closed","template":"","meta":[],"_links":{"self":[{"href":"https:\/\/jocelynrobert.com\/index.php?rest_route=\/wp\/v2\/pages\/1923"}],"collection":[{"href":"https:\/\/jocelynrobert.com\/index.php?rest_route=\/wp\/v2\/pages"}],"about":[{"href":"https:\/\/jocelynrobert.com\/index.php?rest_route=\/wp\/v2\/types\/page"}],"author":[{"embeddable":true,"href":"https:\/\/jocelynrobert.com\/index.php?rest_route=\/wp\/v2\/users\/1"}],"replies":[{"embeddable":true,"href":"https:\/\/jocelynrobert.com\/index.php?rest_route=%2Fwp%2Fv2%2Fcomments&post=1923"}],"version-history":[{"count":3,"href":"https:\/\/jocelynrobert.com\/index.php?rest_route=\/wp\/v2\/pages\/1923\/revisions"}],"predecessor-version":[{"id":1932,"href":"https:\/\/jocelynrobert.com\/index.php?rest_route=\/wp\/v2\/pages\/1923\/revisions\/1932"}],"wp:attachment":[{"href":"https:\/\/jocelynrobert.com\/index.php?rest_route=%2Fwp%2Fv2%2Fmedia&parent=1923"}],"curies":[{"name":"wp","href":"https:\/\/api.w.org\/{rel}","templated":true}]}}