{"id":45,"date":"2015-03-26T15:15:55","date_gmt":"2015-03-26T15:15:55","guid":{"rendered":"http:\/\/jocelynrobert.com\/?page_id=45"},"modified":"2025-12-27T21:15:28","modified_gmt":"2025-12-27T21:15:28","slug":"ecrits-writings","status":"publish","type":"page","link":"https:\/\/jocelynrobert.com\/?page_id=45","title":{"rendered":"\u00c9crits \/ Writings"},"content":{"rendered":"<section class=\"wpb-content-wrapper\"><p>[vc_row][vc_column][vc_column_text]Quelques textes s\u00e9lectionn\u00e9s<\/p>\n<p>A few selected texts.[\/vc_column_text][vc_separator][\/vc_column][\/vc_row][vc_row][vc_column][vc_column_text]2025<\/p>\n<p><a href=\"https:\/\/www.pulaval.com\/livres\/l-encyclopedie-du-s-singulier\">L&#8217;Encyclopedie du S singulier<\/a>, Presses de L&#8217;Universit\u00e9 Laval, Qu\u00e9bec (Qc)<\/p>\n<p>2017<\/p>\n<p><a href=\"http:\/\/squint.press\/product\/jocelynrobert_ladansedesvariables_squint01c_book\/\">La danse des variables,<\/a> \u00c9ditions Squint, Montr\u00e9al\/Toronto (Qc\/Ont)<\/p>\n<p>2015<\/p>\n<p><a href=\"http:\/\/jocelynrobert.com\/wp-content\/uploads\/2017\/03\/a-bruit-des-poetes-b.pdf\">Le Bruit des po\u00e8tes,<\/a> Nouveaux Medias, m\u00e9thodes et pratiques, Avatar, Qu\u00e9bec (Qc)<\/p>\n<p>2014<\/p>\n<p><a href=\"http:\/\/jocelynrobert.com\/wp-content\/uploads\/2015\/04\/inter116b.pdf\">Du forum \u00e0 l&#8217;agora<\/a>, in Inter #116, Qu\u00e9bec, (Qc)<\/p>\n<p>2013<\/p>\n<p><a href=\"http:\/\/jocelynrobert.com\/wp-content\/uploads\/2015\/04\/La-Jeune-fille-et-la-grammaire.pdf\">La jeune fille et la grammaire<\/a>, in Extase, La vie et autres pratiques extatiques, p.79, Folie\/Culture, Qu\u00e9bec, (Qc)<\/p>\n<p>2011<\/p>\n<p><a href=\"http:\/\/jocelynrobert.com\/wp-content\/uploads\/2015\/04\/bechard_hudon_5c_2fr.pdf\">Spectre sonore et th\u00e9ologie scientifique<\/a> \/<a href=\"http:\/\/jocelynrobert.com\/wp-content\/uploads\/2015\/04\/bechard-hudon-en.pdf\"> Sound Spectrum and Scientific Theology<\/a>, in La d\u00e9rive de l\u2019instant \/ Catherine B\u00e9chard &amp; Sabin Hudon, Oboro, Montr\u00e9al, (Qc)<\/p>\n<p><a href=\"http:\/\/jocelynrobert.com\/wp-content\/uploads\/2015\/04\/inter109b.pdf\">Art et interaction<\/a>, Karine Dezainde et Jocelyn Robert, in Inter #109, Qu\u00e9bec, (Qc)<\/p>\n<p>2010<\/p>\n<p><a href=\"http:\/\/jocelynrobert.com\/wp-content\/uploads\/2015\/04\/Esse.pdf\">Programme, proth\u00e8ses et autres prolongements<\/a>, in Esse #69, Montr\u00e9al, (Qc)<\/p>\n<p>2007<\/p>\n<p><a href=\"http:\/\/jocelynrobert.com\/wp-content\/uploads\/2015\/04\/l_arbitre_de_citeaux-docks.pdf\" target=\"_blank\" rel=\"noopener\">L&#8217;Arb\u00eetre de Citaux,<\/a> Rhino \/ Livraison 34, Strasbourg, France<\/p>\n<p><a href=\"http:\/\/jocelynrobert.com\/wp-content\/uploads\/2015\/04\/les-e\u0301quide\u0301s.pdf\">Les \u00c9quid\u00e9s<\/a>, Hypercourt #6 (web) (France)<\/p>\n<p>2006<\/p>\n<p><a href=\"http:\/\/jocelynrobert.com\/wp-content\/uploads\/2015\/04\/lumiere-immobile.pdf\">La Lumi\u00e8re immobile<\/a>, Dazibao, Montr\u00e9al, Qu\u00e9bec<\/p>\n<p><a href=\"http:\/\/jocelynrobert.com\/wp-content\/uploads\/2015\/04\/tissu_social.pdf\">Tissu social et artisanat<\/a>, R\u00e9pertoire des centres d&#8217;artistes autog\u00e9r\u00e9s du Qu\u00e9bec, 6\u00e8me \u00e9dition, RCAAQ, Montr\u00e9al (QC)<\/p>\n<p><a href=\"http:\/\/jocelynrobert.com\/wp-content\/uploads\/2015\/04\/jrobert.pdf\">Metamedia : l&#8217;oeuvre-outil et l&#8217;art dispers\u00e9<\/a>, Symposium Locus Sonus, Aix-en-Provence (France)<\/p>\n<p><a href=\"http:\/\/jocelynrobert.com\/wp-content\/uploads\/2015\/04\/cb-29-2006.pdf\">Le Chantier,<\/a> Bulletin de la Chambre Blanche #29, Qu\u00e9bec (Qc)<\/p>\n<p>2005<\/p>\n<p><a href=\"http:\/\/lequartanier.com\/catalogue\/memoriam.htm\">In Memoriam Joseph Grand<\/a>, \u00c9ditions Le Quartanier, Montr\u00e9al (QC)<\/p>\n<p>2003<\/p>\n<p><a href=\"http:\/\/jocelynrobert.com\/wp-content\/uploads\/2015\/04\/piano-a-numeros.pdf\">De la traduction \u00e0 la translation<\/a>, Piano \u00e0 Num\u00e9ros, OHM \u00e9ditions, Qu\u00e9bec (QC)<\/p>\n<p>2002<\/p>\n<p><a href=\"http:\/\/jocelynrobert.com\/wp-content\/uploads\/2015\/04\/COOL-paper_NIME-240502.pdf\">COOL<\/a>, NIME-02 proceedings, Dublin, (Ireland)<\/p>\n<p>1999<\/p>\n<p><a href=\"http:\/\/jocelynrobert.com\/wp-content\/uploads\/2015\/04\/Le_Cirque_mou.pdf\">La Grammaire du cirque mou<\/a>, Eureka, Axe Neo-7, Gatineau, (QC)<\/p>\n<p>1995<\/p>\n<p><a href=\"http:\/\/jocelynrobert.com\/wp-content\/uploads\/2015\/04\/of_the_importance.pdf\">Of the Importance of the Movement of the Stars in Interior Architecture<\/a>, Real Art Ways, Hartford (US)<\/p>\n<p><a href=\"http:\/\/jocelynrobert.com\/wp-content\/uploads\/2015\/04\/art_against_temperance.pdf\">Art Against Temperance<\/a>, Semiotext(e), New York (US)<\/p>\n<p>1993<\/p>\n<p><a href=\"http:\/\/jocelynrobert.com\/wp-content\/uploads\/2015\/04\/ruses_observatoires.pdf\">Les ruses observatoires de Ron Kuivila<\/a>, Inter #57, Qu\u00e9bec (QC)<\/p>\n<p><a href=\"http:\/\/jocelynrobert.com\/wp-content\/uploads\/2015\/04\/corps_amplifie.pdf\">Le Corps Amplifi\u00e9<\/a>, Obscure, Qu\u00e9bec (QC)[\/vc_column_text][\/vc_column][\/vc_row]<\/p>\n<\/section>","protected":false},"excerpt":{"rendered":"<p>[vc_row][vc_column][vc_column_text]Quelques textes s\u00e9lectionn\u00e9s A few selected texts.[\/vc_column_text][vc_separator][\/vc_column][\/vc_row][vc_row][vc_column][vc_column_text]2025 L&#8217;Encyclopedie du S singulier, Presses de L&#8217;Universit\u00e9 Laval, Qu\u00e9bec (Qc) 2017 La danse des variables, \u00c9ditions Squint, Montr\u00e9al\/Toronto (Qc\/Ont) 2015 Le Bruit des po\u00e8tes, Nouveaux Medias, m\u00e9thodes et pratiques, Avatar, Qu\u00e9bec (Qc) 2014 Du forum \u00e0 l&#8217;agora, in Inter #116, Qu\u00e9bec, (Qc) 2013 La jeune fille et la &#8230; <a title=\"\u00c9crits \/ Writings\" class=\"read-more\" href=\"https:\/\/jocelynrobert.com\/?page_id=45\" aria-label=\"More on \u00c9crits \/ Writings\">Read more<\/a><\/p>\n","protected":false},"author":1,"featured_media":0,"parent":0,"menu_order":0,"comment_status":"closed","ping_status":"open","template":"","meta":[],"_links":{"self":[{"href":"https:\/\/jocelynrobert.com\/index.php?rest_route=\/wp\/v2\/pages\/45"}],"collection":[{"href":"https:\/\/jocelynrobert.com\/index.php?rest_route=\/wp\/v2\/pages"}],"about":[{"href":"https:\/\/jocelynrobert.com\/index.php?rest_route=\/wp\/v2\/types\/page"}],"author":[{"embeddable":true,"href":"https:\/\/jocelynrobert.com\/index.php?rest_route=\/wp\/v2\/users\/1"}],"replies":[{"embeddable":true,"href":"https:\/\/jocelynrobert.com\/index.php?rest_route=%2Fwp%2Fv2%2Fcomments&post=45"}],"version-history":[{"count":17,"href":"https:\/\/jocelynrobert.com\/index.php?rest_route=\/wp\/v2\/pages\/45\/revisions"}],"predecessor-version":[{"id":1901,"href":"https:\/\/jocelynrobert.com\/index.php?rest_route=\/wp\/v2\/pages\/45\/revisions\/1901"}],"wp:attachment":[{"href":"https:\/\/jocelynrobert.com\/index.php?rest_route=%2Fwp%2Fv2%2Fmedia&parent=45"}],"curies":[{"name":"wp","href":"https:\/\/api.w.org\/{rel}","templated":true}]}}